{"id":2184,"date":"2020-10-29T15:02:00","date_gmt":"2020-10-29T14:02:00","guid":{"rendered":"https:\/\/www.agriturismolevignemorosina.com\/it\/?page_id=2184"},"modified":"2021-09-06T14:13:33","modified_gmt":"2021-09-06T12:13:33","slug":"sicurezza","status":"publish","type":"page","link":"https:\/\/www.agriturismolevignemorosina.com\/it\/sicurezza\/","title":{"rendered":"Ti ospitiamo in sicurezza"},"content":{"rendered":"<div class=\"wpb-content-wrapper\"><p><\/p>\n<p>[vc_row][vc_column][vc_column_text]<\/p>\n<p style=\"text-align: center;\">Tutti i nostri ospiti sono il motore del nostro lavoro, pertanto la nostra priorit\u00e0 da Maggio ad oggi \u00e8 garantire massima sicurezza a tutti voi!<\/p>\n<p style=\"text-align: center;\">Le attenzioni indispensabili per garantire un pranzo, una cena o un soggiorno in sicurezza sono state mantenute in tutti questi mesi e continuano ad essere seguite e aggiornate in base alle disposizioni emanate e necessarie per uscire da questo periodo di criticit\u00e0.<\/p>\n<p style=\"text-align: center;\">E&#8217; vero&#8230; siamo costretti a rimanere pi\u00f9 distanti fisicamente, ma il nostro impegno \u00e8 massimo per essere pi\u00f9 vicini alle esigenze di tutti.<\/p>\n<p>[\/vc_column_text][\/vc_column][\/vc_row][vc_row][vc_column width=&#8221;1\/3&#8243;][vc_column_text]<strong>IN TUTTI GLI SPAZI COMUNI:<\/strong><\/p>\n<ul>\n<li>il distanziamento viene sempre mantenuto e tutta la nostra squadra indossa mascherine protettive,<\/li>\n<li>sono state create postazioni con gel igienizzante ad ogni ingresso,<\/li>\n<li>maniglie, superfici ed erogatori gel vengono sanificati costantemente con prodotti specifici come da norme sanitarie,<\/li>\n<li>ogni spazio viene ventilato e si garantisce il ricambio d&#8217;aria costante.<\/li>\n<\/ul>\n<p>[\/vc_column_text][\/vc_column][vc_column width=&#8221;1\/3&#8243;][vc_column_text]<strong>NELLA SALA RISTORO E NELLA SALA COLAZIONI:<\/strong><\/p>\n<ul>\n<li>la disposizione dei tavoli garantisce il distanziamento sociale di almeno 1 metro per tutte le persone non conviventi,<\/li>\n<li>i nostri men\u00f9 sono plastificati in modo da essere igienizzati ad ogni singolo utilizzo,<\/li>\n<li>costante ventilazione e ricambio aria di tutti gli ambienti,<\/li>\n<li>tutto il tovagliato viene sostituito ad ogni utilizzo e disinfettato con specifici prodotti durante il processo di lavaggio,<\/li>\n<li>tutto ci\u00f2 che portiamo al tavolo e non \u00e8 monodose viene igienizzato e sanificato ad ogni utilizzo,<\/li>\n<li>non vi \u00e8 alcun servizio a buffet bens\u00ec siamo lieti di servirvi singolarmente al tavolo.<\/li>\n<\/ul>\n<p>[\/vc_column_text][\/vc_column][vc_column width=&#8221;1\/3&#8243;][vc_column_text]<strong>NEGLI ALLOGGI:<\/strong><\/p>\n<ul>\n<li>tutte le camere vengono quotidianamente disinfettate con specifici prodotti come da norme sanitarie,<\/li>\n<li>la biancheria da camera \u00e8 disinfettata con specifici prodotti durante ogni lavaggio,<\/li>\n<li>\u00e8 stato rimosso ogni elemento decorativo non lavabile ad ogni utilizzo,<\/li>\n<li>i tendaggi vengono sanificati quotidianamente con prodotti idonei.<\/li>\n<\/ul>\n<p>[\/vc_column_text][\/vc_column][\/vc_row][vc_row][vc_column][vc_column_text]<\/p>\n<p style=\"text-align: center;\">NON VEDIAMO L&#8217;ORA DI RITORNARE ALLA NORMALITA&#8217; E DI POTERVI RINGRAZIARE DI CUORE CON UN SORRISO ED UNA SINCERA STRETTA DI MANO PER TUTTO IL SUPPORTO RICEVUTO IN QUESTI MESI.<\/p>\n<p style=\"text-align: center;\"><strong><em>#InsiemePerRipartire<\/em><\/strong><\/p>\n<p>[\/vc_column_text][\/vc_column][\/vc_row]<\/p>\n<p><\/p>\n<\/div>","protected":false},"excerpt":{"rendered":"<p>[vc_row][vc_column][vc_column_text] Tutti i nostri ospiti sono il motore del nostro lavoro, pertanto la nostra priorit\u00e0 da Maggio ad oggi \u00e8 garantire massima sicurezza a tutti voi! Le attenzioni indispensabili per garantire un pranzo, una cena o un soggiorno in sicurezza sono state mantenute in tutti questi mesi e continuano ad essere seguite e aggiornate in [&hellip;]<\/p>\n","protected":false},"author":9,"featured_media":0,"parent":0,"menu_order":0,"comment_status":"closed","ping_status":"closed","template":"","meta":{"_acf_changed":false,"footnotes":""},"class_list":["post-2184","page","type-page","status-publish","hentry"],"acf":[],"yoast_head":"<!-- This site is optimized with the Yoast SEO plugin v26.1 - https:\/\/yoast.com\/wordpress\/plugins\/seo\/ -->\n<title>Ti ospitiamo in sicurezza | Le Vigne Morosina<\/title>\n<meta name=\"robots\" content=\"index, follow, max-snippet:-1, max-image-preview:large, max-video-preview:-1\" \/>\n<link rel=\"canonical\" href=\"https:\/\/www.agriturismolevignemorosina.com\/it\/ti-ospitiamo-in-sicurezza\/\" \/>\n<meta property=\"og:locale\" content=\"it_IT\" \/>\n<meta property=\"og:type\" content=\"article\" \/>\n<meta property=\"og:title\" content=\"Ti ospitiamo in sicurezza | Le Vigne Morosina\" \/>\n<meta property=\"og:description\" content=\"[vc_row][vc_column][vc_column_text] Tutti i nostri ospiti sono il motore del nostro lavoro, pertanto la nostra priorit\u00e0 da Maggio ad oggi \u00e8 garantire massima sicurezza a tutti voi! Le attenzioni indispensabili per garantire un pranzo, una cena o un soggiorno in sicurezza sono state mantenute in tutti questi mesi e continuano ad essere seguite e aggiornate in [&hellip;]\" \/>\n<meta property=\"og:url\" content=\"https:\/\/www.agriturismolevignemorosina.com\/it\/ti-ospitiamo-in-sicurezza\/\" \/>\n<meta property=\"og:site_name\" content=\"Le Vigne Morosina\" \/>\n<meta property=\"article:publisher\" content=\"https:\/\/www.facebook.com\/birrificiodoge\/\" \/>\n<meta property=\"article:modified_time\" content=\"2021-09-06T12:13:33+00:00\" \/>\n<meta name=\"twitter:card\" content=\"summary_large_image\" \/>\n<meta name=\"twitter:label1\" content=\"Tempo di lettura stimato\" \/>\n\t<meta name=\"twitter:data1\" content=\"2 minuti\" \/>\n<script type=\"application\/ld+json\" class=\"yoast-schema-graph\">{\"@context\":\"https:\/\/schema.org\",\"@graph\":[{\"@type\":\"WebPage\",\"@id\":\"https:\/\/www.agriturismolevignemorosina.com\/it\/ti-ospitiamo-in-sicurezza\/\",\"url\":\"https:\/\/www.agriturismolevignemorosina.com\/it\/ti-ospitiamo-in-sicurezza\/\",\"name\":\"Ti ospitiamo in sicurezza | Le Vigne Morosina\",\"isPartOf\":{\"@id\":\"https:\/\/www.agriturismolevignemorosina.com\/it\/#website\"},\"datePublished\":\"2020-10-29T14:02:00+00:00\",\"dateModified\":\"2021-09-06T12:13:33+00:00\",\"breadcrumb\":{\"@id\":\"https:\/\/www.agriturismolevignemorosina.com\/it\/ti-ospitiamo-in-sicurezza\/#breadcrumb\"},\"inLanguage\":\"it-IT\",\"potentialAction\":[{\"@type\":\"ReadAction\",\"target\":[[\"https:\/\/www.agriturismolevignemorosina.com\/it\/ti-ospitiamo-in-sicurezza\/\"]]}]},{\"@type\":\"BreadcrumbList\",\"@id\":\"https:\/\/www.agriturismolevignemorosina.com\/it\/ti-ospitiamo-in-sicurezza\/#breadcrumb\",\"itemListElement\":[{\"@type\":\"ListItem\",\"position\":1,\"name\":\"Home\",\"item\":\"https:\/\/www.agriturismolevignemorosina.com\/it\/\"},{\"@type\":\"ListItem\",\"position\":2,\"name\":\"Ti ospitiamo in sicurezza\"}]},{\"@type\":\"WebSite\",\"@id\":\"https:\/\/www.agriturismolevignemorosina.com\/it\/#website\",\"url\":\"https:\/\/www.agriturismolevignemorosina.com\/it\/\",\"name\":\"Le Vigne Morosina\",\"description\":\"\",\"potentialAction\":[{\"@type\":\"SearchAction\",\"target\":{\"@type\":\"EntryPoint\",\"urlTemplate\":\"https:\/\/www.agriturismolevignemorosina.com\/it\/?s={search_term_string}\"},\"query-input\":{\"@type\":\"PropertyValueSpecification\",\"valueRequired\":true,\"valueName\":\"search_term_string\"}}],\"inLanguage\":\"it-IT\"}]}<\/script>\n<!-- \/ Yoast SEO plugin. -->","yoast_head_json":{"title":"Ti ospitiamo in sicurezza | Le Vigne Morosina","robots":{"index":"index","follow":"follow","max-snippet":"max-snippet:-1","max-image-preview":"max-image-preview:large","max-video-preview":"max-video-preview:-1"},"canonical":"https:\/\/www.agriturismolevignemorosina.com\/it\/ti-ospitiamo-in-sicurezza\/","og_locale":"it_IT","og_type":"article","og_title":"Ti ospitiamo in sicurezza | Le Vigne Morosina","og_description":"[vc_row][vc_column][vc_column_text] Tutti i nostri ospiti sono il motore del nostro lavoro, pertanto la nostra priorit\u00e0 da Maggio ad oggi \u00e8 garantire massima sicurezza a tutti voi! Le attenzioni indispensabili per garantire un pranzo, una cena o un soggiorno in sicurezza sono state mantenute in tutti questi mesi e continuano ad essere seguite e aggiornate in [&hellip;]","og_url":"https:\/\/www.agriturismolevignemorosina.com\/it\/ti-ospitiamo-in-sicurezza\/","og_site_name":"Le Vigne Morosina","article_publisher":"https:\/\/www.facebook.com\/birrificiodoge\/","article_modified_time":"2021-09-06T12:13:33+00:00","twitter_card":"summary_large_image","twitter_misc":{"Tempo di lettura stimato":"2 minuti"},"schema":{"@context":"https:\/\/schema.org","@graph":[{"@type":"WebPage","@id":"https:\/\/www.agriturismolevignemorosina.com\/it\/ti-ospitiamo-in-sicurezza\/","url":"https:\/\/www.agriturismolevignemorosina.com\/it\/ti-ospitiamo-in-sicurezza\/","name":"Ti ospitiamo in sicurezza | Le Vigne Morosina","isPartOf":{"@id":"https:\/\/www.agriturismolevignemorosina.com\/it\/#website"},"datePublished":"2020-10-29T14:02:00+00:00","dateModified":"2021-09-06T12:13:33+00:00","breadcrumb":{"@id":"https:\/\/www.agriturismolevignemorosina.com\/it\/ti-ospitiamo-in-sicurezza\/#breadcrumb"},"inLanguage":"it-IT","potentialAction":[{"@type":"ReadAction","target":[["https:\/\/www.agriturismolevignemorosina.com\/it\/ti-ospitiamo-in-sicurezza\/"]]}]},{"@type":"BreadcrumbList","@id":"https:\/\/www.agriturismolevignemorosina.com\/it\/ti-ospitiamo-in-sicurezza\/#breadcrumb","itemListElement":[{"@type":"ListItem","position":1,"name":"Home","item":"https:\/\/www.agriturismolevignemorosina.com\/it\/"},{"@type":"ListItem","position":2,"name":"Ti ospitiamo in sicurezza"}]},{"@type":"WebSite","@id":"https:\/\/www.agriturismolevignemorosina.com\/it\/#website","url":"https:\/\/www.agriturismolevignemorosina.com\/it\/","name":"Le Vigne Morosina","description":"","potentialAction":[{"@type":"SearchAction","target":{"@type":"EntryPoint","urlTemplate":"https:\/\/www.agriturismolevignemorosina.com\/it\/?s={search_term_string}"},"query-input":{"@type":"PropertyValueSpecification","valueRequired":true,"valueName":"search_term_string"}}],"inLanguage":"it-IT"}]}},"_links":{"self":[{"href":"https:\/\/www.agriturismolevignemorosina.com\/it\/wp-json\/wp\/v2\/pages\/2184","targetHints":{"allow":["GET"]}}],"collection":[{"href":"https:\/\/www.agriturismolevignemorosina.com\/it\/wp-json\/wp\/v2\/pages"}],"about":[{"href":"https:\/\/www.agriturismolevignemorosina.com\/it\/wp-json\/wp\/v2\/types\/page"}],"author":[{"embeddable":true,"href":"https:\/\/www.agriturismolevignemorosina.com\/it\/wp-json\/wp\/v2\/users\/9"}],"replies":[{"embeddable":true,"href":"https:\/\/www.agriturismolevignemorosina.com\/it\/wp-json\/wp\/v2\/comments?post=2184"}],"version-history":[{"count":0,"href":"https:\/\/www.agriturismolevignemorosina.com\/it\/wp-json\/wp\/v2\/pages\/2184\/revisions"}],"wp:attachment":[{"href":"https:\/\/www.agriturismolevignemorosina.com\/it\/wp-json\/wp\/v2\/media?parent=2184"}],"curies":[{"name":"wp","href":"https:\/\/api.w.org\/{rel}","templated":true}]}}