{"id":1707,"date":"2019-04-22T11:29:14","date_gmt":"2019-04-22T09:29:14","guid":{"rendered":"https:\/\/www.agriturismolevignemorosina.com\/en\/?page_id=1707"},"modified":"2026-04-08T08:54:44","modified_gmt":"2026-04-08T06:54:44","slug":"natura","status":"publish","type":"page","link":"https:\/\/www.agriturismolevignemorosina.com\/it\/natura\/","title":{"rendered":"Natura"},"content":{"rendered":"<div class=\"wpb-content-wrapper\"><p>[vc_section el_class=&#8221;default-section&#8221;][vc_row content_placement=&#8221;middle&#8221;][vc_column width=&#8221;1\/2&#8243;][vc_column_text]Nella mattinata del 15 Maggio 2010 \u00e8 stato inaugurato <strong>uno degli impianti fotovoltaici pi\u00f9 importanti del territorio<\/strong>. Un percorso di scelte sostenibili iniziatonel 2009 e che ha visto la realizzazione di <strong>due installazioni in grado di produrre ben 350.000 Kw ora\/anno<\/strong>.<\/p>\n<p>L&#8217;azienda, fra le prime a credere nel rinnovabile, ha avviato un progetto di sostenibilit\u00e0 con la messa a dimora di 200 Kw di potenza in moduli fotovoltaici utili al fabbisogno della cantina e dell&#8217;agriturismo. Tecnologie sempre pi\u00f9 all&#8217;avanguardia rendono oggi il fotovoltaico un sistema di produzione energetica che oltre a garantire un&#8217;alta resa assicura una maggiore durata dei pannelli.<\/p>\n<p>Il nuovo impianto occupa una superficie di 800 mq e serve per fornire energia agli alloggi e al comparto ristoro della struttura agrituristica che con questa operazione <strong>ridurr\u00e0 il suo impatto ambientale a zero<\/strong>.[\/vc_column_text][\/vc_column][vc_column width=&#8221;1\/2&#8243;][vc_single_image image=&#8221;2089&#8243; img_size=&#8221;full&#8221;][\/vc_column][\/vc_row][vc_row disable_element=&#8221;yes&#8221;][vc_column][vc_column_text]<\/p>\n<h2 style=\"text-align: center;\">Il parco, a disposizione di grandi e piccini<\/h2>\n<p>[\/vc_column_text][vc_gallery type=&#8221;image_grid&#8221; images=&#8221;2068,2060,2113,2114,2115,2116,2117,2118,2119,2120,2121&#8243;][\/vc_column][\/vc_row][\/vc_section][vc_row][vc_column][vc_column_text css=&#8221;&#8221;]<\/p>\n<h2>Parco per bambini e mobilit\u00e0 sostenibile<\/h2>\n<p>All\u2019interno della nostra struttura, anche i pi\u00f9 piccoli possono vivere momenti di svago all\u2019aria aperta in uno spazio pensato per giocare in libert\u00e0, immersi nella tranquillit\u00e0 della campagna. Il parco per bambini rappresenta un luogo semplice e genuino, dove divertirsi in sicurezza, respirare la natura e condividere il piacere di una vacanza fatta di tempo lento, famiglia e autenticit\u00e0.<\/p>\n<p>L\u2019attenzione per l\u2019ambiente si riflette anche nella volont\u00e0 di offrire servizi sempre pi\u00f9 in linea con una filosofia di ospitalit\u00e0 sostenibile. Per questo, la struttura guarda con attenzione anche alla mobilit\u00e0 elettrica, mettendo a disposizione una soluzione comoda per la ricarica delle auto elettriche, come ulteriore segno concreto di un\u2019accoglienza attenta al futuro e al rispetto del territorio.[\/vc_column_text][vc_raw_html css=&#8221;&#8221;]JTVCZm9vZ2FsbGVyeSUyMGlkJTNEJTIyMzAwMCUyMiU1RA==[\/vc_raw_html][\/vc_column][\/vc_row]<\/p>\n<\/div>","protected":false},"excerpt":{"rendered":"<p>[vc_section el_class=&#8221;default-section&#8221;][vc_row content_placement=&#8221;middle&#8221;][vc_column width=&#8221;1\/2&#8243;][vc_column_text]Nella mattinata del 15 Maggio 2010 \u00e8 stato inaugurato uno degli impianti fotovoltaici pi\u00f9 importanti del territorio. Un percorso di scelte sostenibili iniziatonel 2009 e che ha visto la realizzazione di due installazioni in grado di produrre ben 350.000 Kw ora\/anno. L&#8217;azienda, fra le prime a credere nel rinnovabile, ha avviato un [&hellip;]<\/p>\n","protected":false},"author":9,"featured_media":2091,"parent":0,"menu_order":0,"comment_status":"closed","ping_status":"closed","template":"","meta":{"_acf_changed":false,"footnotes":""},"class_list":["post-1707","page","type-page","status-publish","hentry"],"acf":[],"yoast_head":"<!-- This site is optimized with the Yoast SEO plugin v26.1 - https:\/\/yoast.com\/wordpress\/plugins\/seo\/ -->\n<title>Natura | Le Vigne Morosina Cessalto - Treviso<\/title>\n<meta name=\"description\" content=\"La mattina del 15 maggio 2010, presso l&#039;Agriturismo Le Vigne Morosina, \u00e8 stato attivato uno dei pi\u00f9 grandi impianti fotovoltaici della zona.\" \/>\n<meta name=\"robots\" content=\"index, follow, max-snippet:-1, max-image-preview:large, max-video-preview:-1\" \/>\n<link rel=\"canonical\" href=\"https:\/\/www.agriturismolevignemorosina.com\/it\/natura\/\" \/>\n<meta property=\"og:locale\" content=\"it_IT\" \/>\n<meta property=\"og:type\" content=\"article\" \/>\n<meta property=\"og:title\" content=\"Natura | Le Vigne Morosina Cessalto - Treviso\" \/>\n<meta property=\"og:description\" content=\"La mattina del 15 maggio 2010, presso l&#039;Agriturismo Le Vigne Morosina, \u00e8 stato attivato uno dei pi\u00f9 grandi impianti fotovoltaici della zona.\" \/>\n<meta property=\"og:url\" content=\"https:\/\/www.agriturismolevignemorosina.com\/it\/natura\/\" \/>\n<meta property=\"og:site_name\" content=\"Le Vigne Morosina\" \/>\n<meta property=\"article:publisher\" content=\"https:\/\/www.facebook.com\/birrificiodoge\/\" \/>\n<meta property=\"article:modified_time\" content=\"2026-04-08T06:54:44+00:00\" \/>\n<meta property=\"og:image\" content=\"https:\/\/www.agriturismolevignemorosina.com\/wp-content\/uploads\/2019\/05\/Le-Vigne-Morosina-natura-1.jpg\" \/>\n\t<meta property=\"og:image:width\" content=\"1920\" \/>\n\t<meta property=\"og:image:height\" content=\"878\" \/>\n\t<meta property=\"og:image:type\" content=\"image\/jpeg\" \/>\n<meta name=\"twitter:card\" content=\"summary_large_image\" \/>\n<meta name=\"twitter:label1\" content=\"Tempo di lettura stimato\" \/>\n\t<meta name=\"twitter:data1\" content=\"12 minuti\" \/>\n<script type=\"application\/ld+json\" class=\"yoast-schema-graph\">{\"@context\":\"https:\/\/schema.org\",\"@graph\":[{\"@type\":\"WebPage\",\"@id\":\"https:\/\/www.agriturismolevignemorosina.com\/it\/natura\/\",\"url\":\"https:\/\/www.agriturismolevignemorosina.com\/it\/natura\/\",\"name\":\"Natura | Le Vigne Morosina Cessalto - Treviso\",\"isPartOf\":{\"@id\":\"https:\/\/www.agriturismolevignemorosina.com\/it\/#website\"},\"primaryImageOfPage\":{\"@id\":\"https:\/\/www.agriturismolevignemorosina.com\/it\/natura\/#primaryimage\"},\"image\":{\"@id\":\"https:\/\/www.agriturismolevignemorosina.com\/it\/natura\/#primaryimage\"},\"thumbnailUrl\":\"https:\/\/www.agriturismolevignemorosina.com\/wp-content\/uploads\/2019\/05\/Le-Vigne-Morosina-natura-1.jpg\",\"datePublished\":\"2019-04-22T09:29:14+00:00\",\"dateModified\":\"2026-04-08T06:54:44+00:00\",\"description\":\"La mattina del 15 maggio 2010, presso l'Agriturismo Le Vigne Morosina, \u00e8 stato attivato uno dei pi\u00f9 grandi impianti fotovoltaici della zona.\",\"breadcrumb\":{\"@id\":\"https:\/\/www.agriturismolevignemorosina.com\/it\/natura\/#breadcrumb\"},\"inLanguage\":\"it-IT\",\"potentialAction\":[{\"@type\":\"ReadAction\",\"target\":[[\"https:\/\/www.agriturismolevignemorosina.com\/it\/natura\/\"]]}]},{\"@type\":\"ImageObject\",\"inLanguage\":\"it-IT\",\"@id\":\"https:\/\/www.agriturismolevignemorosina.com\/it\/natura\/#primaryimage\",\"url\":\"https:\/\/www.agriturismolevignemorosina.com\/wp-content\/uploads\/2019\/05\/Le-Vigne-Morosina-natura-1.jpg\",\"contentUrl\":\"https:\/\/www.agriturismolevignemorosina.com\/wp-content\/uploads\/2019\/05\/Le-Vigne-Morosina-natura-1.jpg\",\"width\":1920,\"height\":878},{\"@type\":\"BreadcrumbList\",\"@id\":\"https:\/\/www.agriturismolevignemorosina.com\/it\/natura\/#breadcrumb\",\"itemListElement\":[{\"@type\":\"ListItem\",\"position\":1,\"name\":\"Home\",\"item\":\"https:\/\/www.agriturismolevignemorosina.com\/it\/\"},{\"@type\":\"ListItem\",\"position\":2,\"name\":\"Natura\"}]},{\"@type\":\"WebSite\",\"@id\":\"https:\/\/www.agriturismolevignemorosina.com\/it\/#website\",\"url\":\"https:\/\/www.agriturismolevignemorosina.com\/it\/\",\"name\":\"Le Vigne Morosina\",\"description\":\"\",\"potentialAction\":[{\"@type\":\"SearchAction\",\"target\":{\"@type\":\"EntryPoint\",\"urlTemplate\":\"https:\/\/www.agriturismolevignemorosina.com\/it\/?s={search_term_string}\"},\"query-input\":{\"@type\":\"PropertyValueSpecification\",\"valueRequired\":true,\"valueName\":\"search_term_string\"}}],\"inLanguage\":\"it-IT\"}]}<\/script>\n<!-- \/ Yoast SEO plugin. -->","yoast_head_json":{"title":"Natura | Le Vigne Morosina Cessalto - Treviso","description":"La mattina del 15 maggio 2010, presso l'Agriturismo Le Vigne Morosina, \u00e8 stato attivato uno dei pi\u00f9 grandi impianti fotovoltaici della zona.","robots":{"index":"index","follow":"follow","max-snippet":"max-snippet:-1","max-image-preview":"max-image-preview:large","max-video-preview":"max-video-preview:-1"},"canonical":"https:\/\/www.agriturismolevignemorosina.com\/it\/natura\/","og_locale":"it_IT","og_type":"article","og_title":"Natura | Le Vigne Morosina Cessalto - Treviso","og_description":"La mattina del 15 maggio 2010, presso l'Agriturismo Le Vigne Morosina, \u00e8 stato attivato uno dei pi\u00f9 grandi impianti fotovoltaici della zona.","og_url":"https:\/\/www.agriturismolevignemorosina.com\/it\/natura\/","og_site_name":"Le Vigne Morosina","article_publisher":"https:\/\/www.facebook.com\/birrificiodoge\/","article_modified_time":"2026-04-08T06:54:44+00:00","og_image":[{"width":1920,"height":878,"url":"https:\/\/www.agriturismolevignemorosina.com\/wp-content\/uploads\/2019\/05\/Le-Vigne-Morosina-natura-1.jpg","type":"image\/jpeg"}],"twitter_card":"summary_large_image","twitter_misc":{"Tempo di lettura stimato":"12 minuti"},"schema":{"@context":"https:\/\/schema.org","@graph":[{"@type":"WebPage","@id":"https:\/\/www.agriturismolevignemorosina.com\/it\/natura\/","url":"https:\/\/www.agriturismolevignemorosina.com\/it\/natura\/","name":"Natura | Le Vigne Morosina Cessalto - Treviso","isPartOf":{"@id":"https:\/\/www.agriturismolevignemorosina.com\/it\/#website"},"primaryImageOfPage":{"@id":"https:\/\/www.agriturismolevignemorosina.com\/it\/natura\/#primaryimage"},"image":{"@id":"https:\/\/www.agriturismolevignemorosina.com\/it\/natura\/#primaryimage"},"thumbnailUrl":"https:\/\/www.agriturismolevignemorosina.com\/wp-content\/uploads\/2019\/05\/Le-Vigne-Morosina-natura-1.jpg","datePublished":"2019-04-22T09:29:14+00:00","dateModified":"2026-04-08T06:54:44+00:00","description":"La mattina del 15 maggio 2010, presso l'Agriturismo Le Vigne Morosina, \u00e8 stato attivato uno dei pi\u00f9 grandi impianti fotovoltaici della zona.","breadcrumb":{"@id":"https:\/\/www.agriturismolevignemorosina.com\/it\/natura\/#breadcrumb"},"inLanguage":"it-IT","potentialAction":[{"@type":"ReadAction","target":[["https:\/\/www.agriturismolevignemorosina.com\/it\/natura\/"]]}]},{"@type":"ImageObject","inLanguage":"it-IT","@id":"https:\/\/www.agriturismolevignemorosina.com\/it\/natura\/#primaryimage","url":"https:\/\/www.agriturismolevignemorosina.com\/wp-content\/uploads\/2019\/05\/Le-Vigne-Morosina-natura-1.jpg","contentUrl":"https:\/\/www.agriturismolevignemorosina.com\/wp-content\/uploads\/2019\/05\/Le-Vigne-Morosina-natura-1.jpg","width":1920,"height":878},{"@type":"BreadcrumbList","@id":"https:\/\/www.agriturismolevignemorosina.com\/it\/natura\/#breadcrumb","itemListElement":[{"@type":"ListItem","position":1,"name":"Home","item":"https:\/\/www.agriturismolevignemorosina.com\/it\/"},{"@type":"ListItem","position":2,"name":"Natura"}]},{"@type":"WebSite","@id":"https:\/\/www.agriturismolevignemorosina.com\/it\/#website","url":"https:\/\/www.agriturismolevignemorosina.com\/it\/","name":"Le Vigne Morosina","description":"","potentialAction":[{"@type":"SearchAction","target":{"@type":"EntryPoint","urlTemplate":"https:\/\/www.agriturismolevignemorosina.com\/it\/?s={search_term_string}"},"query-input":{"@type":"PropertyValueSpecification","valueRequired":true,"valueName":"search_term_string"}}],"inLanguage":"it-IT"}]}},"_links":{"self":[{"href":"https:\/\/www.agriturismolevignemorosina.com\/it\/wp-json\/wp\/v2\/pages\/1707","targetHints":{"allow":["GET"]}}],"collection":[{"href":"https:\/\/www.agriturismolevignemorosina.com\/it\/wp-json\/wp\/v2\/pages"}],"about":[{"href":"https:\/\/www.agriturismolevignemorosina.com\/it\/wp-json\/wp\/v2\/types\/page"}],"author":[{"embeddable":true,"href":"https:\/\/www.agriturismolevignemorosina.com\/it\/wp-json\/wp\/v2\/users\/9"}],"replies":[{"embeddable":true,"href":"https:\/\/www.agriturismolevignemorosina.com\/it\/wp-json\/wp\/v2\/comments?post=1707"}],"version-history":[{"count":7,"href":"https:\/\/www.agriturismolevignemorosina.com\/it\/wp-json\/wp\/v2\/pages\/1707\/revisions"}],"predecessor-version":[{"id":3007,"href":"https:\/\/www.agriturismolevignemorosina.com\/it\/wp-json\/wp\/v2\/pages\/1707\/revisions\/3007"}],"wp:featuredmedia":[{"embeddable":true,"href":"https:\/\/www.agriturismolevignemorosina.com\/it\/wp-json\/wp\/v2\/media\/2091"}],"wp:attachment":[{"href":"https:\/\/www.agriturismolevignemorosina.com\/it\/wp-json\/wp\/v2\/media?parent=1707"}],"curies":[{"name":"wp","href":"https:\/\/api.w.org\/{rel}","templated":true}]}}